{"id":18,"date":"2014-02-15T16:35:13","date_gmt":"2014-02-15T15:35:13","guid":{"rendered":"http:\/\/noces-hera.com\/?page_id=18"},"modified":"2016-03-28T12:57:44","modified_gmt":"2016-03-28T11:57:44","slug":"contact","status":"publish","type":"page","link":"https:\/\/noces-hera.com\/?page_id=18","title":{"rendered":"Contact"},"content":{"rendered":"<p><b>L\u2019Artiste<\/b><\/p>\n<p>Maman \u00e9tait couturi\u00e8re et j\u2019ai donc eu la chance, tr\u00e8s jeune d\u00e9j\u00e0, d\u2019avoir autour de moi de belles \u00e9toffes, de les toucher, d\u2019imaginer des robes de princesse. C\u2019est ainsi que d\u00e8s l\u2019adolescence, je\u00a0cr\u00e9ais mes propres v\u00eatements. Ensuite, la vie m\u2019a d\u00e9tourn\u00e9 peu \u00e0 peu de cet univers et j\u2019ai d\u00e9couvert plus tard la passion des belles tables. La aussi, je m\u2019amusais \u00e0 recevoir mes invit\u00e9s en ne n\u00e9gligeant aucun d\u00e9tail.<\/p>\n<p>C\u2019est ainsi qu\u2019est n\u00e9e l\u2019id\u00e9e de cr\u00e9er \u00ab\u00a0Les Noces d\u2019H\u00e9ra\u00a0\u00bb.<\/p>\n<p>L\u2019art en g\u00e9n\u00e9ral a toujours occup\u00e9 une grande place dans ma vie. A l\u2019heure d\u2019aujourd\u2019hui ou la gastronomie est mise \u00e0 l\u2019honneur dans la presse et les m\u00e9dias, les Noces d\u2019H\u00e9ra ont pour vocation de sublimer vos repas de f\u00eate en vous proposant un d\u00e9cor hors du commun o\u00f9 s\u2019entrem\u00ealent avec d\u00e9licatesse la dentelle, le satin et les taffetas.<\/p>\n<p>H\u00e9ra, d\u00e9esse grecque, \u00e9tait connue pour ses f\u00eates somptueuses, je m\u2019engage \u00e0 ce que les v\u00f4tres soient inoubliables.<\/p>\n<p style=\"text-align: left;\">Josiane Geist<\/p>\n<p style=\"text-align: left;\">\u00a0<a href=\"mailto:noces.hera@gmail.com\">noces.hera@gmail.com<\/a><\/p>\n<p style=\"text-align: center;\"><strong>\u00a0<\/strong><\/p>\n<p>&nbsp;<\/p>\n","protected":false},"excerpt":{"rendered":"<p>L\u2019Artiste Maman \u00e9tait couturi\u00e8re et j\u2019ai donc eu la chance, tr\u00e8s jeune d\u00e9j\u00e0, d\u2019avoir autour de moi de belles \u00e9toffes, de les toucher, d\u2019imaginer des robes de princesse. C\u2019est ainsi &hellip;<\/p>\n","protected":false},"author":2,"featured_media":0,"parent":0,"menu_order":0,"comment_status":"open","ping_status":"open","template":"","meta":{"footnotes":""},"class_list":["post-18","page","type-page","status-publish","hentry"],"_links":{"self":[{"href":"https:\/\/noces-hera.com\/index.php?rest_route=\/wp\/v2\/pages\/18","targetHints":{"allow":["GET"]}}],"collection":[{"href":"https:\/\/noces-hera.com\/index.php?rest_route=\/wp\/v2\/pages"}],"about":[{"href":"https:\/\/noces-hera.com\/index.php?rest_route=\/wp\/v2\/types\/page"}],"author":[{"embeddable":true,"href":"https:\/\/noces-hera.com\/index.php?rest_route=\/wp\/v2\/users\/2"}],"replies":[{"embeddable":true,"href":"https:\/\/noces-hera.com\/index.php?rest_route=%2Fwp%2Fv2%2Fcomments&post=18"}],"version-history":[{"count":0,"href":"https:\/\/noces-hera.com\/index.php?rest_route=\/wp\/v2\/pages\/18\/revisions"}],"wp:attachment":[{"href":"https:\/\/noces-hera.com\/index.php?rest_route=%2Fwp%2Fv2%2Fmedia&parent=18"}],"curies":[{"name":"wp","href":"https:\/\/api.w.org\/{rel}","templated":true}]}}